{"id":892,"date":"2020-08-10T08:34:52","date_gmt":"2020-08-10T08:34:52","guid":{"rendered":"https:\/\/nuriavernet.com\/inicio\/"},"modified":"2021-05-20T13:32:17","modified_gmt":"2021-05-20T13:32:17","slug":"inicio","status":"publish","type":"page","link":"https:\/\/nuriavernet.com\/ca\/","title":{"rendered":"Inici"},"content":{"rendered":"<section class=\"wpb-content-wrapper\"><p>[vc_row rtl_reverse=&#8221;yes&#8221; css_animation=&#8221;&#8221; row_type=&#8221;row&#8221; use_row_as_full_screen_section=&#8221;no&#8221; type=&#8221;grid&#8221; angled_section=&#8221;no&#8221; text_align=&#8221;left&#8221; background_image_as_pattern=&#8221;without_pattern&#8221; z_index=&#8221;&#8221; background_color=&#8221;#f3f0eb&#8221; css=&#8221;.vc_custom_1611587161296{margin-top: 0px !important;}&#8221; el_id=&#8221;seccionhome0&#8243;][vc_column css_animation=&#8221;fadeIn&#8221; width=&#8221;1\/2&#8243; offset=&#8221;vc_hidden-xs&#8221;][vc_column_text]<\/p>\n<div class=\"introhome\">\n<h1>Busco immobles<br \/>\nper construir una vida<\/h1>\n<div class=\"espacio60\"><\/div>\n<p>Tinc el que necessites: persones que necessiten el que tens. Hola, s\u00f3c la N\u00faria Vernet, i m&#8217;avalen la suficient experi\u00e8ncia i \u00e8xits per assegurar-te que puc vendre el teu immoble en un temps r\u00e8cord. O per qu\u00e8 no? Trobar el dels teus somnis. Treballo perqu\u00e8 no t&#8217;hagis de preocupar per res i surtis guanyant.<\/p>\n<div class=\"espacio60\"><\/div>\n<p><a class=\"botonbordeazul\" href=\"https:\/\/nuriavernet.com\/ca\/servicios-inmobiliarios-reus\/\">Descobreix les meves t\u00e8cniques venda<\/a><\/p>\n<\/div>\n<p>[\/vc_column_text][vc_raw_html]JTNDaW1nJTIwY2xhc3MlM0QlMjJwYXR0ZXJucG9ydGFkYSUyMiUyMHNyYyUzRCUyMmh0dHBzJTNBJTJGJTJGbnVyaWF2ZXJuZXQuY29tJTJGd3AtY29udGVudCUyRnVwbG9hZHMlMkYyMDIwJTJGMDglMkZwYXR0ZXJuX2JsYW5jby5zdmclMjIlMjAlMkYlM0U=[\/vc_raw_html][\/vc_column][vc_column css_animation=&#8221;fadeIn&#8221; width=&#8221;1\/2&#8243;][vc_raw_html]JTNDZGl2JTIwY2xhc3MlM0QlMjJiZ2ltYWdlYXp1bCUyMiUzRSUzQyUyRmRpdiUzRQ==[\/vc_raw_html][vc_single_image image=&#8221;334&#8243; img_size=&#8221;full&#8221; alignment=&#8221;center&#8221; qode_css_animation=&#8221;element_from_fade&#8221; el_class=&#8221;fotointrohome imagenvertical&#8221;][\/vc_column][\/vc_row][vc_row rtl_reverse=&#8221;yes&#8221; css_animation=&#8221;&#8221; row_type=&#8221;row&#8221; use_row_as_full_screen_section=&#8221;no&#8221; type=&#8221;grid&#8221; angled_section=&#8221;no&#8221; text_align=&#8221;left&#8221; background_image_as_pattern=&#8221;without_pattern&#8221; z_index=&#8221;&#8221; background_color=&#8221;#f3f0eb&#8221; css=&#8221;.vc_custom_1610364256500{margin-top: 0px !important;}&#8221;][vc_column css_animation=&#8221;fadeIn&#8221; offset=&#8221;vc_hidden-lg vc_hidden-sm&#8221;][vc_column_text]<\/p>\n<div class=\"introhome\">\n<h1>Busco immobles<br \/>\nper construir una vida<\/h1>\n<div class=\"espacio60\"><\/div>\n<p>Tinc el que necessites: persones que necessiten el que tens. Hola, s\u00f3c la N\u00faria Vernet, i em avalen la suficient experi\u00e8ncia i \u00e8xits per assegurar-te que puc vendre el teu immoble en un temps r\u00e8cord. O per qu\u00e8 no? Trobar el dels teus somnis. Treballo perqu\u00e8 no t&#8217;hagis de preocupar per res i surtis guanyant.<\/p>\n<div class=\"espacio60\"><\/div>\n<p><a class=\"botonbordeazul\" href=\"https:\/\/nuriavernet.com\/ca\/servicios-inmobiliarios-reus\/\">Descobreix les meves t\u00e8cniques venda<\/a><\/p>\n<\/div>\n<p>[\/vc_column_text][vc_raw_html]JTNDaW1nJTIwY2xhc3MlM0QlMjJwYXR0ZXJucG9ydGFkYSUyMiUyMHNyYyUzRCUyMmh0dHBzJTNBJTJGJTJGbnVyaWF2ZXJuZXQuY29tJTJGd3AtY29udGVudCUyRnVwbG9hZHMlMkYyMDIwJTJGMDglMkZwYXR0ZXJuX2JsYW5jby5zdmclMjIlMjAlMkYlM0U=[\/vc_raw_html][\/vc_column][\/vc_row][vc_row css_animation=&#8221;element_from_fade&#8221; row_type=&#8221;row&#8221; use_row_as_full_screen_section=&#8221;no&#8221; type=&#8221;grid&#8221; angled_section=&#8221;no&#8221; text_align=&#8221;left&#8221; background_image_as_pattern=&#8221;without_pattern&#8221; z_index=&#8221;&#8221; el_id=&#8221;seccionhome2&#8243;][vc_column css_animation=&#8221;fadeIn&#8221; width=&#8221;2\/3&#8243; el_class=&#8221;col1&#8243;][vc_column_text]<\/p>\n<h2>Prop de 30 anys ajudant a complir somnis<\/h2>\n<div class=\"espacio60\"><\/div>\n<p>Troba en mi la professionalitat d&#8217;una carrera amb traject\u00f2ria despr\u00e9s d&#8217;una llarga experi\u00e8ncia en promotores immobili\u00e0ries, amb la <strong>proximitat i el tracte personalitzat d&#8217;un agent independent.<\/strong><\/p>\n<p>&nbsp;<\/p>\n<p><strong>I si no tens molt clar qu\u00e8 vols?<\/strong> Tamb\u00e9 t&#8217;ajudo. Si vols <strong>vendre o llogar el teu immoble<\/strong> t&#8217;assessoro en el preu amb el qual podr\u00edem trobar clients reals, i\u00a0si est\u00e0s buscant un habitatge nou, per\u00f2 no saps ben b\u00e9 qu\u00e8, farem an\u00e0lisi junts fins que tinguis clar quina \u00e9s la casa que necessites.[\/vc_column_text][\/vc_column][vc_column width=&#8221;1\/3&#8243; el_class=&#8221;col2&#8243;][\/vc_column][\/vc_row][vc_row css_animation=&#8221;element_from_fade&#8221; row_type=&#8221;row&#8221; use_row_as_full_screen_section=&#8221;no&#8221; type=&#8221;full_width&#8221; angled_section=&#8221;no&#8221; text_align=&#8221;left&#8221; background_image_as_pattern=&#8221;without_pattern&#8221; z_index=&#8221;&#8221; el_id=&#8221;seccionhome3&#8243;][vc_column css_animation=&#8221;fadeIn&#8221; width=&#8221;1\/3&#8243; el_class=&#8221;col1&#8243;][\/vc_column][vc_column width=&#8221;2\/3&#8243; el_class=&#8221;col2&#8243;][vc_single_image image=&#8221;367&#8243; img_size=&#8221;full&#8221; alignment=&#8221;center&#8221; qode_css_animation=&#8221;element_from_fade&#8221; el_class=&#8221;imagenvertical&#8221;][\/vc_column][\/vc_row][vc_row css_animation=&#8221;element_from_fade&#8221; row_type=&#8221;row&#8221; use_row_as_full_screen_section=&#8221;no&#8221; type=&#8221;grid&#8221; angled_section=&#8221;no&#8221; text_align=&#8221;left&#8221; background_image_as_pattern=&#8221;without_pattern&#8221; z_index=&#8221;&#8221; el_id=&#8221;seccionhome4&#8243;][vc_column css_animation=&#8221;fadeIn&#8221; width=&#8221;1\/3&#8243; el_class=&#8221;col1&#8243;][vc_column_text]Motivada per les ganes i la il\u00b7lusi\u00f3 d&#8217;impregnar de la meva marca personal tot el que feia, em vaig decidir a llan\u00e7ar-me com a agent independent.<\/p>\n<p>&nbsp;<\/p>\n<p><strong> Utilitzo t\u00e8cniques de venda pr\u00f2pies que personalitzo per a cada un dels meus clients. <\/strong> S\u00f3c propiet\u00e0ria del meu temps i de les meves decisions per utilitzar la meva creativitat i impregnar de la meva filosofia totes les meves operacions.[\/vc_column_text][vc_column_text]<\/p>\n<div class=\"espacio60\"><\/div>\n<p><a class=\"botonbordecrema\" href=\"https:\/\/nuriavernet.com\/ca\/nuria-vernet-agent-immobiliari\/\">Saber m\u00e9s sobre mi<\/a>[\/vc_column_text][\/vc_column][vc_column width=&#8221;2\/3&#8243; el_class=&#8221;col2&#8243;][\/vc_column][\/vc_row][vc_row css_animation=&#8221;&#8221; row_type=&#8221;row&#8221; use_row_as_full_screen_section=&#8221;no&#8221; type=&#8221;grid&#8221; angled_section=&#8221;no&#8221; text_align=&#8221;left&#8221; background_image_as_pattern=&#8221;without_pattern&#8221; z_index=&#8221;&#8221; el_class=&#8221;pbottom logosportal&#8221; el_id=&#8221;seccionhome5&#8243;][vc_column css_animation=&#8221;fadeIn&#8221;]<div class=\"qode-simple-quote-holder \">\n\t<div class=\"qode-simple-quote-triangle-shadow\">\n\t\t\n\t<\/div>\n\t<div class=\"qode-simple-quote-triangle\" style=\"border-bottom-color: #f3f0eb\">\n\t\t\n\t<\/div>\n\t<div class=\"qode-simple-quote-holder-inner\" style=\"background-color: #f3f0eb;border-color: #f3f0eb\">\n\t\t<div class=\"qode-simple-quote-icon-holder\"  style=\"fill: #697181\">\n\t\t\t<svg x=\"0px\" y=\"0px\" width=\"118px\" height=\"97px\" viewBox=\"0 0 118 97\" enable-background=\"new 0 0 118 97\" xml:space=\"preserve\">\n\t\t\t\t<g>\n\t\t\t\t\t<path d=\"M31.1,73.998c5.688-7.111,8.535-14.316,8.535-21.617c0-3.09-0.371-5.751-1.113-7.978c-4.332,3.34-9.031,5.009-14.102,5.009\n\t\t\t\t\t\tc-6.929,0-12.71-2.194-17.349-6.586c-4.639-4.389-6.958-10.298-6.958-17.72c0-6.926,2.348-12.71,7.051-17.349\n\t\t\t\t\t\tc4.7-4.639,10.452-6.958,17.256-6.958c9.77,0,17.256,4.021,22.451,12.061c4.329,6.68,6.494,15.029,6.494,25.049\n\t\t\t\t\t\tc0,12.742-3.247,24.154-9.741,34.234C37.13,82.227,27.325,90.357,14.215,96.541l-3.525-6.865\n\t\t\t\t\t\tC18.604,86.336,25.409,81.113,31.1,73.998z M95.67,73.998c5.688-7.111,8.535-14.316,8.535-21.617c0-3.09-0.371-5.751-1.113-7.978\n\t\t\t\t\t\tc-4.206,3.34-8.906,5.009-14.102,5.009c-6.804,0-12.556-2.194-17.256-6.586c-4.702-4.389-7.051-10.298-7.051-17.72\n\t\t\t\t\t\tc0-4.575,1.113-8.721,3.34-12.432s5.195-6.616,8.906-8.721c3.711-2.102,7.729-3.154,12.061-3.154\n\t\t\t\t\t\tc9.771,0,17.256,4.021,22.451,12.061c4.329,6.68,6.494,15.029,6.494,25.049c0,12.742-3.247,24.154-9.741,34.234\n\t\t\t\t\t\tC101.7,82.227,91.896,90.357,78.785,96.541l-3.525-6.865C83.175,86.336,89.979,81.113,95.67,73.998z\"\/>\n\t\t\t\t<\/g>\n\t\t\t<\/svg>\n\t\t<\/div>\n\t\t<div class=\"qode-simple-quote-content-holder\">\n\t\t\t<div class=\"qode-simple-quote-content-holder-inner\">\n\t\t\t\t<div class=\"qode-simple-quote-text-holder\" >\n\t\t\t\t\t<h3 class=\"qode-simple-quote-text-title\"> Maximitzo la visibilitat del teu immoble en els principals portals immobiliaris  <\/h3>\n\t\t\t\t<\/div>\n\t\t\t\t<div class=\"qode-simple-quote-author-holder\">\n\t\t\t\t\t<h4 class=\"qode-simple-quote-author-title\"> - N\u00faria Vernet  <\/h4>\n\t\t\t\t<\/div>\n\t\t\t<\/div>\n\t\t<\/div>\n\t<\/div>\n<\/div>[vc_empty_space height=&#8221;30px&#8221;][vc_row_inner row_type=&#8221;row&#8221; type=&#8221;grid&#8221; text_align=&#8221;left&#8221; css_animation=&#8221;&#8221;][vc_column_inner width=&#8221;1\/5&#8243;][vc_raw_html]JTNDYSUyMGhyZWYlM0QlMjJodHRwcyUzQSUyRiUyRnd3dy5pZGVhbGlzdGEuY29tJTJGcHJvJTJGdmVybmV0LW5hdmFycm8lMkYlMjIlMjB0YXJnZXQlM0QlMjJfYmxhbmslMjIlM0UlM0NpbWclMjBzcmMlM0QlMjJodHRwcyUzQSUyRiUyRm51cmlhdmVybmV0LmNvbSUyRndwLWNvbnRlbnQlMkZ1cGxvYWRzJTJGMjAyMCUyRjA4JTJGaWRlYWxpc3RhLW51cmlhLXZlcm5ldC5zdmclMjIlMjBhbHQlM0QlMjJpZGVhbGlzdGElMjBOdXJpYSUyMFZlcm5ldCUyMiUyMCUzRSUzQyUyRmElM0U=[\/vc_raw_html][\/vc_column_inner][vc_column_inner width=&#8221;1\/5&#8243;][vc_raw_html]JTNDYSUyMGhyZWYlM0QlMjJodHRwcyUzQSUyRiUyRnd3dy5oYWJpdGFjbGlhLmNvbSUyRmlubW9iaWxpYXJpYS1ldmFfbmF2YXJyb180MzkxXzElMkYlMjIlMjB0YXJnZXQlM0QlMjJfYmxhbmslMjIlM0UlM0NpbWclMjBzcmMlM0QlMjJodHRwcyUzQSUyRiUyRm51cmlhdmVybmV0LmNvbSUyRndwLWNvbnRlbnQlMkZ1cGxvYWRzJTJGMjAyMCUyRjA4JTJGaGFiaXRhY2xpYS1udXJpYS12ZXJuZXQuc3ZnJTIyJTIwdGFyZ2V0JTNEJTIyX2JsYW5rJTIyJTIwYWx0JTNEJTIyaGFiaXRhY2xpYSUyMG51cmlhJTIwdmVybmV0JTIyJTNFJTNDJTJGYSUzRQ==[\/vc_raw_html][\/vc_column_inner][vc_column_inner width=&#8221;1\/5&#8243;][vc_raw_html]JTNDYSUyMGhyZWYlM0QlMjJodHRwcyUzQSUyRiUyRnd3dy5mb3RvY2FzYS5lcyUyRmVzJTJGaW5tb2JpbGlhcmlhLXZlcm5ldC1uYXZhcnJvJTJGY29tcHJhciUyRmlubXVlYmxlcyUyRmVzcGFuYSUyRnRvZGFzLWxhcy16b25hcyUyRmwlM0ZjbGllbnRJZCUzRDkyMDI3NTgxMjA3MDUlMjIlMjB0YXJnZXQlM0QlMjJfYmxhbmslMjIlM0UlM0NpbWclMjBzcmMlM0QlMjJodHRwcyUzQSUyRiUyRm51cmlhdmVybmV0LmNvbSUyRndwLWNvbnRlbnQlMkZ1cGxvYWRzJTJGMjAyMCUyRjA4JTJGZm90b2Nhc2EtbnVyaWEtdmVybmV0LTEuc3ZnJTIyJTIwYWx0JTNEJTIyZm90b2Nhc2ElMjBudXJpYSUyMHZlcm5ldCUyMiUzRSUzQyUyRmElM0U=[\/vc_raw_html][\/vc_column_inner][vc_column_inner width=&#8221;1\/5&#8243;][vc_raw_html]JTNDYSUyMGNsYXNzJTNEJTIycGlzb3Njb20lMjIlMjBocmVmJTNEJTIyaHR0cHMlM0ElMkYlMkZ3d3cucGlzb3MuY29tJTJGaW5tb2JpbGlhcmlhLXZlcm5ldF9uYXZhcnJvX2Fzc2Vzc29ycyUyRiUyMiUyMHRhcmdldCUzRCUyMl9ibGFuayUyMiUzRSUzQ2ltZyUyMHNyYyUzRCUyMmh0dHBzJTNBJTJGJTJGbnVyaWF2ZXJuZXQuY29tJTJGd3AtY29udGVudCUyRnVwbG9hZHMlMkYyMDIwJTJGMDglMkZwaXNvcy1udXJpYS12ZXJuZXQuc3ZnJTIyJTIwYWx0JTNEJTIyZm90b2Nhc2ElMjBudXJpYSUyMHZlcm5ldCUyMiUzRSUzQyUyRmElM0U=[\/vc_raw_html][\/vc_column_inner][vc_column_inner width=&#8221;1\/5&#8243;][vc_raw_html]JTNDYSUyMGNsYXNzJTNEJTIyeWFlbmNvbnRyZSUyMiUyMGhyZWYlM0QlMjJodHRwcyUzQSUyRiUyRnd3dy55YWVuY29udHJlLmNvbSUyRmlubW9iaWxpYXJpYXMlMkZmaW5xdWVzLXZlcm5ldC1uYXZhcnJvLTMxNjM0JTIyJTIwdGFyZ2V0JTNEJTIyX2JsYW5rJTIyJTNFJTNDaW1nJTIwc3JjJTNEJTIyaHR0cHMlM0ElMkYlMkZudXJpYXZlcm5ldC5jb20lMkZ3cC1jb250ZW50JTJGdXBsb2FkcyUyRjIwMjElMkYwMSUyRnlhZW5jb250cmUtYXp1bC5wbmclMjIlMjBhbHQlM0QlMjJZYWVuY29udHJlJTIwbnVyaWElMjB2ZXJuZXQlMjIlM0UlM0MlMkZhJTNF[\/vc_raw_html][\/vc_column_inner][\/vc_row_inner][\/vc_column][\/vc_row][vc_row css_animation=&#8221;&#8221; row_type=&#8221;row&#8221; use_row_as_full_screen_section=&#8221;no&#8221; type=&#8221;grid&#8221; angled_section=&#8221;no&#8221; text_align=&#8221;left&#8221; background_image_as_pattern=&#8221;without_pattern&#8221; z_index=&#8221;&#8221; el_class=&#8221;pbottom&#8221; el_id=&#8221;seccionhome6&#8243;][vc_column css_animation=&#8221;fadeIn&#8221; css=&#8221;.vc_custom_1597251566531{padding-right: 0px !important;padding-left: 0px !important;}&#8221;][vc_column_text]<\/p>\n<div id=\"ctahome\">\n<h2>Tens un immoble que vendre?<br \/>\nDespreocupa&#8217;t, jo m&#8217;encarrego.<\/h2>\n<div class=\"espacio30\"><\/div>\n<p>En aquesta p\u00e0gina t&#8217;explico breument quines s\u00f3n les t\u00e8cniques de venda. Com aconsegeixo en un temps r\u00e8cord de visites, ofertes reals i satisfact\u00f2ries per al teu immoble.<\/p>\n<div class=\"espacio30\"><\/div>\n<p><a class=\"botonbordeazul\" href=\"https:\/\/nuriavernet.com\/ca\/serveis-immobiliaris-reus\/\">Vull vendre el meu immoble amb tu!<\/a><\/p>\n<\/div>\n<p>[\/vc_column_text][\/vc_column][\/vc_row][vc_row css_animation=&#8221;&#8221; row_type=&#8221;row&#8221; use_row_as_full_screen_section=&#8221;no&#8221; type=&#8221;grid&#8221; angled_section=&#8221;no&#8221; text_align=&#8221;left&#8221; background_image_as_pattern=&#8221;without_pattern&#8221; el_class=&#8221;paddingsecciones&#8221; z_index=&#8221;&#8221; el_id=&#8221;seccionhome7&#8243;][vc_column css_animation=&#8221;fadeIn&#8221; width=&#8221;1\/2&#8243;][vc_column_text]<\/p>\n<div id=\"homestaging\">\n<h3>Descobreix el home staging i com ens va a ajudar a vendre el teu immoble<\/h3>\n<div class=\"espacio60\"><\/div>\n<p>El Home Staging \u00e9s una <strong>t\u00e8cnica de m\u00e0rqueting immobiliari<\/strong> que est\u00e0 guanyant molta for\u00e7a en els \u00faltims anys. Es basa en <strong>la import\u00e0ncia de la primera impressi\u00f3<\/strong> i consisteix a preparar i revalorar un immoble amb el mobiliari i la disposici\u00f3 que li puguin treure el major partit i <strong>oferir les m\u00e0ximes possibilitats als compradors potencials<\/strong>. Amb el <a href=\"https:\/\/nuriavernet.com\/ca\/servicios-inmobiliarios-reus\/\">Home Staging<\/a> pensem en l&#8217;immoble com a un producte i preparem una posada en escena de manera que ho mostri en el seu m\u00e0xim potencial.<\/p>\n<div class=\"espacio60\"><\/div>\n<p><a class=\"botonbordeazul\" href=\"https:\/\/nuriavernet.com\/ca\/serveis-immobiliarios-reus\/\">Coneix m\u00e9s sobre el Home Staging<\/a><\/p>\n<\/div>\n<p>[\/vc_column_text][\/vc_column][vc_column css_animation=&#8221;fadeIn&#8221; width=&#8221;1\/2&#8243;][vc_single_image image=&#8221;188&#8243; img_size=&#8221;full&#8221; alignment=&#8221;center&#8221; qode_css_animation=&#8221;&#8221; el_class=&#8221;imagenvertical&#8221;][vc_raw_html]JTNDZGl2JTIwY2xhc3MlM0QlMjJiZ2ltYWdlJTIyJTNFJTNDJTJGZGl2JTNF[\/vc_raw_html][\/vc_column][\/vc_row][vc_row css_animation=&#8221;&#8221; row_type=&#8221;row&#8221; use_row_as_full_screen_section=&#8221;no&#8221; type=&#8221;grid&#8221; angled_section=&#8221;no&#8221; text_align=&#8221;left&#8221; background_image_as_pattern=&#8221;without_pattern&#8221; el_class=&#8221;paddingsecciones&#8221; z_index=&#8221;&#8221; background_image=&#8221;54&#8243; el_id=&#8221;seccionhome8&#8243;][vc_column css_animation=&#8221;fadeIn&#8221; width=&#8221;1\/2&#8243;][vc_single_image image=&#8221;53&#8243; img_size=&#8221;full&#8221; alignment=&#8221;center&#8221; style=&#8221;vc_box_border&#8221; border_color=&#8221;white&#8221; qode_css_animation=&#8221;&#8221;][\/vc_column][vc_column css_animation=&#8221;fadeIn&#8221; width=&#8221;1\/2&#8243; el_class=&#8221;tramahomestaging&#8221;][vc_column_text]<\/p>\n<div id=\"ctahome2\">\n<h2>I si est\u00e0s buscant casa o pis &#8230;<\/h2>\n<div class=\"espacio30\"><\/div>\n<p>Visita la meva cartera d&#8217;immobles i\u00a0si no\u00a0trobes el que et convenci, t&#8217;ajudar\u00e9 a trobar-lo.<\/p>\n<p>Podr\u00e0s trobar casa, pisos, \u00e0tics, finques r\u00fastiques i qualsevol immoble amb el qual t&#8217;atreveixis a somiar. Est\u00e0s a un pas de complir el teu somni.<\/p>\n<div class=\"espacio30\"><\/div>\n<p><a class=\"botonbordeazul\" href=\"https:\/\/nuriavernet.com\/ca\/immobles-exclusius\/\">Veure immobles disponibles<\/a><\/p>\n<\/div>\n<p>[\/vc_column_text][\/vc_column][\/vc_row][vc_row css_animation=&#8221;&#8221; row_type=&#8221;row&#8221; use_row_as_full_screen_section=&#8221;no&#8221; type=&#8221;full_width&#8221; angled_section=&#8221;no&#8221; text_align=&#8221;left&#8221; background_image_as_pattern=&#8221;without_pattern&#8221; el_id=&#8221;seccionpisoshome&#8221; z_index=&#8221;&#8221;][vc_column][vc_column_text]<\/p>\n<h2 class=\"center\">Immobles destacats en exclusiva<\/h2>\n<p>[\/vc_column_text][vc_empty_space height=&#8221;60px&#8221;]<div class='projects_holder_outer v4 portfolio_with_space portfolio_with_hover_text'>\n        <div class='projects_holder portfolio_main_holder clearfix v4  hover_text portfolio_square_image portfolio_one_by_one'>\n        \n        <article class='mix portfolio_category_42 default' style=''>\n    \n    \n    \n                <div class='image_holder'>\n                <a itemprop='url' class='portfolio_link_for_touch' href='https:\/\/nuriavernet.com\/ca\/portfolio_page\/piso-en-venta-zona-piscinas-de-reus\/' target='_self'>\n                    \n<span class='image'><img fetchpriority=\"high\" decoding=\"async\" width=\"570\" height=\"570\" src=\"https:\/\/nuriavernet.com\/wp-content\/uploads\/2021\/05\/Piso-en-venta-en-Reus-Zona-Piscinas-de-Reus-3-570x570.jpg\" class=\"attachment-portfolio-square size-portfolio-square wp-post-image\" alt=\"Piso en venta en Reus Zona Piscinas de Reus 3\" srcset=\"https:\/\/nuriavernet.com\/wp-content\/uploads\/2021\/05\/Piso-en-venta-en-Reus-Zona-Piscinas-de-Reus-3-570x570.jpg 570w, https:\/\/nuriavernet.com\/wp-content\/uploads\/2021\/05\/Piso-en-venta-en-Reus-Zona-Piscinas-de-Reus-3-150x150.jpg 150w, https:\/\/nuriavernet.com\/wp-content\/uploads\/2021\/05\/Piso-en-venta-en-Reus-Zona-Piscinas-de-Reus-3-500x500.jpg 500w\" sizes=\"(max-width: 570px) 100vw, 570px\" \/><\/span>                <\/a>\n\n                <span class='text_holder'>\n    <span class='text_outer'>\n        <span class='text_inner'>\n            <div class=\"hover_feature_holder_title\">\n                <div class=\"hover_feature_holder_title_inner\">\n                    \n                        \n    <h4 itemprop=\"name\" class=\"portfolio_title entry_title\"><a itemprop=\"url\" href=\"https:\/\/nuriavernet.com\/ca\/portfolio_page\/piso-en-venta-zona-piscinas-de-reus\/\"  target=\"_self\"> Piso en venta Zona Piscinas de Reus<\/a><\/h4>\n\n\n                        \n                        \n                                    <\/div>\n            <\/div>\n\n            \n        <\/span>\n    <\/span>\n<\/span>\n            <\/div>\n                    \n    \n<\/article>\n<article class='mix portfolio_category_42 default' style=''>\n    \n    \n    \n                <div class='image_holder'>\n                <a itemprop='url' class='portfolio_link_for_touch' href='https:\/\/nuriavernet.com\/ca\/portfolio_page\/casa-chalet-en-venta-en-reus-zona-migjorn\/' target='_self'>\n                    \n<span class='image'><img decoding=\"async\" width=\"570\" height=\"570\" src=\"https:\/\/nuriavernet.com\/wp-content\/uploads\/2021\/03\/Casa-chalet-en-venta-en-Reus-en-Migjorn-4-570x570.jpg\" class=\"attachment-portfolio-square size-portfolio-square wp-post-image\" alt=\"\" srcset=\"https:\/\/nuriavernet.com\/wp-content\/uploads\/2021\/03\/Casa-chalet-en-venta-en-Reus-en-Migjorn-4-570x570.jpg 570w, https:\/\/nuriavernet.com\/wp-content\/uploads\/2021\/03\/Casa-chalet-en-venta-en-Reus-en-Migjorn-4-150x150.jpg 150w, https:\/\/nuriavernet.com\/wp-content\/uploads\/2021\/03\/Casa-chalet-en-venta-en-Reus-en-Migjorn-4-500x500.jpg 500w\" sizes=\"(max-width: 570px) 100vw, 570px\" \/><\/span>                <\/a>\n\n                <span class='text_holder'>\n    <span class='text_outer'>\n        <span class='text_inner'>\n            <div class=\"hover_feature_holder_title\">\n                <div class=\"hover_feature_holder_title_inner\">\n                    \n                        \n    <h4 itemprop=\"name\" class=\"portfolio_title entry_title\"><a itemprop=\"url\" href=\"https:\/\/nuriavernet.com\/ca\/portfolio_page\/casa-chalet-en-venta-en-reus-zona-migjorn\/\"  target=\"_self\"> Casa chalet en venta en Reus zona Migjorn<\/a><\/h4>\n\n\n                        \n                        \n                                    <\/div>\n            <\/div>\n\n            \n        <\/span>\n    <\/span>\n<\/span>\n            <\/div>\n                    \n    \n<\/article>\n<article class='mix portfolio_category_42 default' style=''>\n    \n    \n    \n                <div class='image_holder'>\n                <a itemprop='url' class='portfolio_link_for_touch' href='https:\/\/nuriavernet.com\/ca\/portfolio_page\/piso-en-venta-en-reus-jardins-de-reus\/' target='_self'>\n                    \n<span class='image'><img decoding=\"async\" width=\"570\" height=\"570\" src=\"https:\/\/nuriavernet.com\/wp-content\/uploads\/2021\/03\/Piso-en-venta-en-Jardins-de-Reus-4-570x570.jpg\" class=\"attachment-portfolio-square size-portfolio-square wp-post-image\" alt=\"Piso en venta en Jardins de Reus 1\" srcset=\"https:\/\/nuriavernet.com\/wp-content\/uploads\/2021\/03\/Piso-en-venta-en-Jardins-de-Reus-4-570x570.jpg 570w, https:\/\/nuriavernet.com\/wp-content\/uploads\/2021\/03\/Piso-en-venta-en-Jardins-de-Reus-4-150x150.jpg 150w, https:\/\/nuriavernet.com\/wp-content\/uploads\/2021\/03\/Piso-en-venta-en-Jardins-de-Reus-4-500x500.jpg 500w\" sizes=\"(max-width: 570px) 100vw, 570px\" \/><\/span>                <\/a>\n\n                <span class='text_holder'>\n    <span class='text_outer'>\n        <span class='text_inner'>\n            <div class=\"hover_feature_holder_title\">\n                <div class=\"hover_feature_holder_title_inner\">\n                    \n                        \n    <h4 itemprop=\"name\" class=\"portfolio_title entry_title\"><a itemprop=\"url\" href=\"https:\/\/nuriavernet.com\/ca\/portfolio_page\/piso-en-venta-en-reus-jardins-de-reus\/\"  target=\"_self\"> Piso en venta en Reus Jardins de Reus<\/a><\/h4>\n\n\n                        \n                        \n                                    <\/div>\n            <\/div>\n\n            \n        <\/span>\n    <\/span>\n<\/span>\n            <\/div>\n                    \n    \n<\/article>\n<article class='mix portfolio_category_42 default' style=''>\n    \n    \n    \n                <div class='image_holder'>\n                <a itemprop='url' class='portfolio_link_for_touch' href='https:\/\/nuriavernet.com\/ca\/portfolio_page\/piso-en-venta-con-terraza-en-reus\/' target='_self'>\n                    \n<span class='image'><img loading=\"lazy\" decoding=\"async\" width=\"570\" height=\"570\" src=\"https:\/\/nuriavernet.com\/wp-content\/uploads\/2021\/01\/Piso-en-venta-con-terraza-en-Reus-3-min-570x570.jpg\" class=\"attachment-portfolio-square size-portfolio-square wp-post-image\" alt=\"Piso en venta con terraza en Reus 3-min\" srcset=\"https:\/\/nuriavernet.com\/wp-content\/uploads\/2021\/01\/Piso-en-venta-con-terraza-en-Reus-3-min-570x570.jpg 570w, https:\/\/nuriavernet.com\/wp-content\/uploads\/2021\/01\/Piso-en-venta-con-terraza-en-Reus-3-min-150x150.jpg 150w, https:\/\/nuriavernet.com\/wp-content\/uploads\/2021\/01\/Piso-en-venta-con-terraza-en-Reus-3-min-500x500.jpg 500w\" sizes=\"(max-width: 570px) 100vw, 570px\" \/><\/span>                <\/a>\n\n                <span class='text_holder'>\n    <span class='text_outer'>\n        <span class='text_inner'>\n            <div class=\"hover_feature_holder_title\">\n                <div class=\"hover_feature_holder_title_inner\">\n                    \n                        \n    <h4 itemprop=\"name\" class=\"portfolio_title entry_title\"><a itemprop=\"url\" href=\"https:\/\/nuriavernet.com\/ca\/portfolio_page\/piso-en-venta-con-terraza-en-reus\/\"  target=\"_self\"> Piso en venta con terraza en Reus<\/a><\/h4>\n\n\n                        \n                        \n                                    <\/div>\n            <\/div>\n\n            \n        <\/span>\n    <\/span>\n<\/span>\n            <\/div>\n                    \n    \n<\/article>\n        <div class='filler'><\/div>\n            <div class='filler'><\/div>\n            <div class='filler'><\/div>\n            <div class='filler'><\/div>\n        <\/div>\n\n    \n    <\/div>[\/vc_column][\/vc_row]<\/p>\n<\/section>","protected":false},"excerpt":{"rendered":"<p>[vc_row rtl_reverse=&#8221;yes&#8221; css_animation=&#8221;&#8221; row_type=&#8221;row&#8221; use_row_as_full_screen_section=&#8221;no&#8221; type=&#8221;grid&#8221; angled_section=&#8221;no&#8221; text_align=&#8221;left&#8221; background_image_as_pattern=&#8221;without_pattern&#8221; z_index=&#8221;&#8221; background_color=&#8221;#f3f0eb&#8221; css=&#8221;.vc_custom_1611587161296{margin-top: 0px !important;}&#8221; el_id=&#8221;seccionhome0&#8243;][vc_column css_animation=&#8221;fadeIn&#8221; width=&#8221;1\/2&#8243; offset=&#8221;vc_hidden-xs&#8221;][vc_column_text] Busco immobles per construir una vida Tinc el que necessites: persones que necessiten el que tens. Hola, s\u00f3c la N\u00faria Vernet, i m&#8217;avalen la suficient experi\u00e8ncia i&#8230;<\/p>\n","protected":false},"author":1,"featured_media":0,"parent":0,"menu_order":0,"comment_status":"closed","ping_status":"closed","template":"full_width.php","meta":{"footnotes":""},"class_list":["post-892","page","type-page","status-publish","hentry"],"_links":{"self":[{"href":"https:\/\/nuriavernet.com\/ca\/wp-json\/wp\/v2\/pages\/892","targetHints":{"allow":["GET"]}}],"collection":[{"href":"https:\/\/nuriavernet.com\/ca\/wp-json\/wp\/v2\/pages"}],"about":[{"href":"https:\/\/nuriavernet.com\/ca\/wp-json\/wp\/v2\/types\/page"}],"author":[{"embeddable":true,"href":"https:\/\/nuriavernet.com\/ca\/wp-json\/wp\/v2\/users\/1"}],"replies":[{"embeddable":true,"href":"https:\/\/nuriavernet.com\/ca\/wp-json\/wp\/v2\/comments?post=892"}],"version-history":[{"count":10,"href":"https:\/\/nuriavernet.com\/ca\/wp-json\/wp\/v2\/pages\/892\/revisions"}],"predecessor-version":[{"id":1081,"href":"https:\/\/nuriavernet.com\/ca\/wp-json\/wp\/v2\/pages\/892\/revisions\/1081"}],"wp:attachment":[{"href":"https:\/\/nuriavernet.com\/ca\/wp-json\/wp\/v2\/media?parent=892"}],"curies":[{"name":"wp","href":"https:\/\/api.w.org\/{rel}","templated":true}]}}